{"id":617,"date":"2023-05-25T22:22:00","date_gmt":"2023-05-25T22:22:00","guid":{"rendered":"https:\/\/exisgroup.newtek.pt\/?page_id=617"},"modified":"2023-05-25T22:32:10","modified_gmt":"2023-05-25T22:32:10","slug":"politica-de-privacidade","status":"publish","type":"page","link":"https:\/\/exisgroup.pt\/?page_id=617","title":{"rendered":"Politica de Privacidade"},"content":{"rendered":"\t\t<div data-elementor-type=\"wp-page\" data-elementor-id=\"617\" class=\"elementor elementor-617\">\n\t\t\t\t\t\t<section class=\"elementor-section elementor-top-section elementor-element elementor-element-5ba8c91 elementor-section-full_width elementor-section-stretched elementor-section-height-default elementor-section-height-default\" data-id=\"5ba8c91\" data-element_type=\"section\" data-settings=\"{&quot;stretch_section&quot;:&quot;section-stretched&quot;,&quot;background_background&quot;:&quot;classic&quot;}\">\n\t\t\t\t\t\t<div class=\"elementor-container elementor-column-gap-default\">\n\t\t\t\t\t<div class=\"elementor-column elementor-col-100 elementor-top-column elementor-element elementor-element-a9327d9\" data-id=\"a9327d9\" data-element_type=\"column\">\n\t\t\t<div class=\"elementor-widget-wrap elementor-element-populated\">\n\t\t\t\t\t\t<div class=\"elementor-element elementor-element-0f7203c elementor-widget elementor-widget-gva_post_breadcrumb\" data-id=\"0f7203c\" data-element_type=\"widget\" data-widget_type=\"gva_post_breadcrumb.default\">\n\t\t\t\t<div class=\"elementor-widget-container\">\n\t\t\t\t\t<div class=\"gva-element-gva_post_breadcrumb gva-element\">   \r\n<div class=\"post-breadcrumb\">\r\n   <div class=\"custom-breadcrumb \" >\r\n            <div class=\"breadcrumb-main\">\r\n        <div class=\"container\">\r\n          <div class=\"breadcrumb-container-inner align-center\">\r\n            <h2 class=\"heading-title\">Politica de Privacidade<\/h2><ol class=\"breadcrumb\"><li><a href=\"https:\/\/exisgroup.pt\">Home<\/a> <\/li> <li class=\"active\">P\u00e1gina<\/li><\/ol>          <\/div>  \r\n        <\/div>   \r\n      <\/div>  \r\n   <\/div>\r\n<\/div>      \r\n\r\n<\/div>\t\t\t\t<\/div>\n\t\t\t\t<\/div>\n\t\t\t\t\t<\/div>\n\t\t<\/div>\n\t\t\t\t\t<\/div>\n\t\t<\/section>\n\t\t\t\t<section class=\"elementor-section elementor-top-section elementor-element elementor-element-e126e4a elementor-section-boxed elementor-section-height-default elementor-section-height-default\" data-id=\"e126e4a\" data-element_type=\"section\">\n\t\t\t\t\t\t<div class=\"elementor-container elementor-column-gap-default\">\n\t\t\t\t\t<div class=\"elementor-column elementor-col-100 elementor-top-column elementor-element elementor-element-7455698\" data-id=\"7455698\" data-element_type=\"column\">\n\t\t\t<div class=\"elementor-widget-wrap elementor-element-populated\">\n\t\t\t\t\t\t<div class=\"elementor-element elementor-element-ef974a3 elementor-widget elementor-widget-text-editor\" data-id=\"ef974a3\" data-element_type=\"widget\" data-widget_type=\"text-editor.default\">\n\t\t\t\t<div class=\"elementor-widget-container\">\n\t\t\t\t\t\t\t\t\t<h2 class=\"wp-block-heading\">Politica de Privacidade<\/h2><p>\u00a0<\/p><p>A EXIS GROUP, com sede na Rua 5 de Outubro, n.\u00ba 476 \u2013 4700-260 Braga, PORTUGAL, encontra-se empenhada em proteger a privacidade dos titulares dos dados, tendo para o efeito elaborado a presente Pol\u00edtica de Privacidade com o objetivo de dar a conhecer o seu compromisso e respeito para com as regras relativas \u00e0 privacidade e \u00e0 prote\u00e7\u00e3o de dados pessoais que recolhe e trata em respeito com a legisla\u00e7\u00e3o nacional e comunit\u00e1ria (Lei n.\u00ba 67\/98, de 26 de outubro; Lei n\u00ba 41\/2004, de 18 de agosto e Lei n\u00ba 46\/2012, de 29 de agosto, bem como o Regulamento Geral de Prote\u00e7\u00e3o de Dados (EU) 2016\/679 do P. E. e do Conselho de 27 de abril).<\/p><p>A<u>O LER ESTA POL\u00cdTICA DE PRIVACIDADE ACEITA AS CONDI\u00c7\u00d5ES EM QUE DISPONIBILIZA OS SEUS DADOS PESSOAIS E AUTORIZA A SUA RECOLHA, USO E DIVULGA\u00c7\u00c3O DE ACORDO COM AS REGRAS AQUI DEFINIDAS.<\/u><\/p><p><b>\u00c2MBITO DE APLICA\u00c7\u00c3O<br \/><\/b>A presente Pol\u00edtica de Privacidade aplica-se exclusivamente \u00e0 recolha e tratamento de dados pessoais que \u00e9 efetuada pela EXIS GROUP e para que a mesma desenvolva a sua atividade de presta\u00e7\u00e3o de servi\u00e7os, visando, ainda, que a utiliza\u00e7\u00e3o do website decorra de forma expedita e sem transtornos.<\/p><p><b>DADOS PESSOAIS<br \/><\/b>Por dados pessoais entende-se toda a informa\u00e7\u00e3o, de qualquer natureza e suporte, incluindo-se som e imagem, relativa a uma pessoa singular identificada ou identific\u00e1vel. \u00c9 considerada como identific\u00e1vel uma pessoa que possa ser identificada, direta ou indiretamente, designadamente por refer\u00eancia a um n\u00famero de identifica\u00e7\u00e3o ou a um ou mais elementos espec\u00edficos da sua identidade f\u00edsica, fisiol\u00f3gica, ps\u00edquica, econ\u00f3mica, cultural ou social.<\/p><p><b>RESPONS\u00c1VEL PELO TRATAMENTO<br \/><\/b>A EXIS GROUP \u00e9 a entidade respons\u00e1vel pela recolha e tratamento dos dados pessoais do UTILIZADOR, decidindo as categorias de dados recolhidos, qual o tratamento dos mesmos e as finalidades para que s\u00e3o utilizados.<\/p><p><b>TIPO DE DADOS RECOLHIDOS<br \/><\/b>A EXIS GROUP poder\u00e1 recolher dados como: nome, apelido, morada, contactos ou outros e, ap\u00f3s ter obtido o seu consentimento, todos eles ser\u00e3o tratados em conformidade com a legisla\u00e7\u00e3o aplic\u00e1vel, nomeadamente atrav\u00e9s do respetivo armazenamento em bases de dados devidamente seguras e protegidas, n\u00e3o sendo, em situa\u00e7\u00e3o alguma, utilizados para outra finalidade que n\u00e3o seja aquela para a qual foi obtido o consentimento.<\/p><p><b>\u201cCOOKIES\u201d<br \/><\/b>Utilizamos \u201ccookies\u201d \u00e0 semelhan\u00e7a de muitos outros sites. Os cookies s\u00e3o pequenos ficheiros de texto transferidos por uma p\u00e1gina web para o seu disco r\u00edgido. Desta forma, recebemos automaticamente determinados dados como endere\u00e7o IP, browser utilizado, sistema operativo do seu computador e da sua liga\u00e7\u00e3o \u00e0 internet. Os cookies n\u00e3o podem ser utilizados para executar programas ou instalar v\u00edrus no seu computador. Com a informa\u00e7\u00e3o contida nos cookies, podemos simplificar a navega\u00e7\u00e3o e exibir corretamente os nossos websites.<\/p><p>Em qualquer caso, os dados que recolhemos n\u00e3o podem ser partilhados com terceiros sem o seu consentimento. Claro que pode ver o nosso site sem cookies. Os browsers de internet s\u00e3o configurados para aceitar cookies. Pode desativar a utiliza\u00e7\u00e3o de cookies a qualquer momento atrav\u00e9s configura\u00e7\u00f5es do seu browser. Por favor, utilize a fun\u00e7\u00e3o de ajuda do seu browser para saber como alterar essas configura\u00e7\u00f5es. Tenha em aten\u00e7\u00e3o que certas caracter\u00edsticas do nosso site podem n\u00e3o funcionar caso desative a utiliza\u00e7\u00e3o de cookies.<\/p><p><b>FINALIDADES DO TRATAMENTO<br \/><\/b>Os dados pessoais recolhidos pela EXIS GROUP, para al\u00e9m de necess\u00e1rios para o desenvolvimento da sua atividade, poder\u00e3o tamb\u00e9m ser utilizados para fins estat\u00edsticos e de recrutamento, estando exclu\u00eddo o \u00e2mbito comercial.<\/p><p><b>TEMPO DE ARMAZENAMENTO<br \/><\/b>A EXIS GROUP armazena e conserva os dados durante o per\u00edodo que se entende como suficiente e necess\u00e1rio para as finalidades que motivaram a sua recolha e tratamento. Por\u00e9m, o per\u00edodo de tempo de armazenamento dos dados varia de acordo com a finalidade para a qual a informa\u00e7\u00e3o \u00e9 tratada, podendo existir normas legais que obrigam ao armazenamento por um per\u00edodo de tempo m\u00ednimo, findo o qual os mesmos ser\u00e3o eliminados.<\/p><p><b>RETIFICA\u00c7\u00c3O<br \/><\/b>O UTILIZADOR poder\u00e1 retificar, eliminar, atualizar e\/ou modificar os seus dados a qualquer momento atrav\u00e9s do endere\u00e7o de correio eletr\u00f3nico compliance@exisgroup.pt, ou por correio, para a seguinte morada: Rua 5 de Outubro, n.\u00ba 476 \u2013 4700-260 Braga, ao cuidado da EXIS GROUP.<\/p><p><b>DIREITO DE ACESSO<br \/><\/b>O RGPD garante ao UTILIZADOR o direito de acesso aos seus dados pessoais, a todo o tempo, bem como o direito de oposi\u00e7\u00e3o \u00e0 utiliza\u00e7\u00e3o dos dados facultados, devendo para tal, enviar o pedido por escrito atrav\u00e9s do endere\u00e7o de correio eletr\u00f3nico compliance@exisgroup.pt.<\/p><p><b>MEDIDAS DE SEGURAN\u00c7A<br \/><\/b>A EXIS GROUP garante a seguran\u00e7a dos dados pessoais disponibilizados atrav\u00e9s da ado\u00e7\u00e3o de diversas medidas de seguran\u00e7a, de car\u00e1ter t\u00e9cnico e organizativo, visando a sua prote\u00e7\u00e3o contra a difus\u00e3o, perda, uso indevido, altera\u00e7\u00e3o, tratamento ou acesso n\u00e3o autorizado bem como, contra qualquer outra forma de tratamento il\u00edcito.<\/p><p><b>COMUNICA\u00c7\u00c3O A TERCEIROS<br \/><\/b>A EXIS GROUP poder\u00e1 recorrer a terceiros para a presta\u00e7\u00e3o de determinados servi\u00e7os, a n\u00edvel de manuten\u00e7\u00e3o, apoio t\u00e9cnico ou marketing, podendo estes ter acesso a alguns dos dados pessoais, nomeadamente, os dados necess\u00e1rios para os fins contratualizados. Cada uma das entidades envolvidas no tratamento dos seus dados \u00e9 obrigada a cumprir a legisla\u00e7\u00e3o aplic\u00e1vel em mat\u00e9ria de prote\u00e7\u00e3o de dados, em particular no que se refere \u00e0 seguran\u00e7a e \u00e0 confidencialidade do seu tratamento.<\/p><p>Os respons\u00e1veis do tratamento de dados pessoais, bem como as pessoas que no exerc\u00edcio das suas fun\u00e7\u00f5es tenham conhecimento dos mesmos ficam obrigados a sigilo profissional, nos termos da lei.<\/p><p><b>TRANSFER\u00caNCIA DOS DADOS<br \/><\/b>Caso possam ocorrer transfer\u00eancias de dados para pa\u00edses terceiros que n\u00e3o pertencendo \u00e0 Uni\u00e3o Europeia ou ao Espa\u00e7o Econ\u00f3mico Europeu, a EXIS GROUP cumprir\u00e1 com a legisla\u00e7\u00e3o, nomeadamente no que respeita \u00e0 adequabilidade do pa\u00eds de destino no que respeita a prote\u00e7\u00e3o de dados pessoais e aos requisitos que s\u00e3o aplic\u00e1veis a estas transfer\u00eancias, n\u00e3o sendo transferidos dados pessoais para jurisdi\u00e7\u00f5es que n\u00e3o ofere\u00e7am garantias de seguran\u00e7a e prote\u00e7\u00e3o.<\/p><p><b>ALTERA\u00c7\u00d5ES \u00c0 POLITICA DE PRIVACIDADE<br \/><\/b>A EXIS GROUP reserva-se no direito de reajustar ou alterar a presente Pol\u00edtica de Privacidade a qualquer momento, sendo essas altera\u00e7\u00f5es publicitadas em tempo \u00fatil.<\/p>\t\t\t\t\t\t\t\t<\/div>\n\t\t\t\t<\/div>\n\t\t\t\t\t<\/div>\n\t\t<\/div>\n\t\t\t\t\t<\/div>\n\t\t<\/section>\n\t\t\t\t<\/div>\n\t\t","protected":false},"excerpt":{"rendered":"<p>Politica de Privacidade Home P\u00e1gina Politica de Privacidade \u00a0 A EXIS GROUP, com sede na Rua 5 de Outubro, n.\u00ba 476 \u2013 4700-260 Braga, PORTUGAL, encontra-se empenhada em proteger a privacidade dos titulares dos dados, tendo para o efeito elaborado a presente Pol\u00edtica de Privacidade com o objetivo de dar a conhecer o seu compromisso [&hellip;]<\/p>\n","protected":false},"author":1,"featured_media":0,"parent":0,"menu_order":0,"comment_status":"closed","ping_status":"closed","template":"","meta":{"inline_featured_image":false,"footnotes":""},"class_list":["post-617","page","type-page","status-publish","hentry"],"yoast_head":"<!-- This site is optimized with the Yoast SEO plugin v25.0 - https:\/\/yoast.com\/wordpress\/plugins\/seo\/ -->\n<title>Politica de Privacidade - EXIS GROUP<\/title>\n<meta name=\"robots\" content=\"index, follow, max-snippet:-1, max-image-preview:large, max-video-preview:-1\" \/>\n<link rel=\"canonical\" href=\"https:\/\/exisgroup.pt\/?page_id=617\" \/>\n<meta property=\"og:locale\" content=\"pt_PT\" \/>\n<meta property=\"og:type\" content=\"article\" \/>\n<meta property=\"og:title\" content=\"Politica de Privacidade - EXIS GROUP\" \/>\n<meta property=\"og:description\" content=\"Politica de Privacidade Home P\u00e1gina Politica de Privacidade \u00a0 A EXIS GROUP, com sede na Rua 5 de Outubro, n.\u00ba 476 \u2013 4700-260 Braga, PORTUGAL, encontra-se empenhada em proteger a privacidade dos titulares dos dados, tendo para o efeito elaborado a presente Pol\u00edtica de Privacidade com o objetivo de dar a conhecer o seu compromisso [&hellip;]\" \/>\n<meta property=\"og:url\" content=\"https:\/\/exisgroup.pt\/?page_id=617\" \/>\n<meta property=\"og:site_name\" content=\"EXIS GROUP\" \/>\n<meta property=\"article:modified_time\" content=\"2023-05-25T22:32:10+00:00\" \/>\n<meta name=\"twitter:card\" content=\"summary_large_image\" \/>\n<meta name=\"twitter:label1\" content=\"Tempo estimado de leitura\" \/>\n\t<meta name=\"twitter:data1\" content=\"5 minutos\" \/>\n<script type=\"application\/ld+json\" class=\"yoast-schema-graph\">{\"@context\":\"https:\/\/schema.org\",\"@graph\":[{\"@type\":\"WebPage\",\"@id\":\"https:\/\/exisgroup.pt\/?page_id=617\",\"url\":\"https:\/\/exisgroup.pt\/?page_id=617\",\"name\":\"Politica de Privacidade - EXIS GROUP\",\"isPartOf\":{\"@id\":\"https:\/\/exisgroup.pt\/#website\"},\"datePublished\":\"2023-05-25T22:22:00+00:00\",\"dateModified\":\"2023-05-25T22:32:10+00:00\",\"breadcrumb\":{\"@id\":\"https:\/\/exisgroup.pt\/?page_id=617#breadcrumb\"},\"inLanguage\":\"pt-PT\",\"potentialAction\":[{\"@type\":\"ReadAction\",\"target\":[\"https:\/\/exisgroup.pt\/?page_id=617\"]}]},{\"@type\":\"BreadcrumbList\",\"@id\":\"https:\/\/exisgroup.pt\/?page_id=617#breadcrumb\",\"itemListElement\":[{\"@type\":\"ListItem\",\"position\":1,\"name\":\"In\u00edcio\",\"item\":\"https:\/\/exisgroup.pt\/\"},{\"@type\":\"ListItem\",\"position\":2,\"name\":\"Politica de Privacidade\"}]},{\"@type\":\"WebSite\",\"@id\":\"https:\/\/exisgroup.pt\/#website\",\"url\":\"https:\/\/exisgroup.pt\/\",\"name\":\"EXIS GROUP\",\"description\":\"\",\"publisher\":{\"@id\":\"https:\/\/exisgroup.pt\/#organization\"},\"potentialAction\":[{\"@type\":\"SearchAction\",\"target\":{\"@type\":\"EntryPoint\",\"urlTemplate\":\"https:\/\/exisgroup.pt\/?s={search_term_string}\"},\"query-input\":{\"@type\":\"PropertyValueSpecification\",\"valueRequired\":true,\"valueName\":\"search_term_string\"}}],\"inLanguage\":\"pt-PT\"},{\"@type\":\"Organization\",\"@id\":\"https:\/\/exisgroup.pt\/#organization\",\"name\":\"EXIS GROUP\",\"url\":\"https:\/\/exisgroup.pt\/\",\"logo\":{\"@type\":\"ImageObject\",\"inLanguage\":\"pt-PT\",\"@id\":\"https:\/\/exisgroup.pt\/#\/schema\/logo\/image\/\",\"url\":\"https:\/\/exisgroup.newtek.pt\/wp-content\/uploads\/2023\/05\/logo_slider_exisgroup.png\",\"contentUrl\":\"https:\/\/exisgroup.newtek.pt\/wp-content\/uploads\/2023\/05\/logo_slider_exisgroup.png\",\"width\":500,\"height\":180,\"caption\":\"EXIS GROUP\"},\"image\":{\"@id\":\"https:\/\/exisgroup.pt\/#\/schema\/logo\/image\/\"}}]}<\/script>\n<!-- \/ Yoast SEO plugin. -->","yoast_head_json":{"title":"Politica de Privacidade - EXIS GROUP","robots":{"index":"index","follow":"follow","max-snippet":"max-snippet:-1","max-image-preview":"max-image-preview:large","max-video-preview":"max-video-preview:-1"},"canonical":"https:\/\/exisgroup.pt\/?page_id=617","og_locale":"pt_PT","og_type":"article","og_title":"Politica de Privacidade - EXIS GROUP","og_description":"Politica de Privacidade Home P\u00e1gina Politica de Privacidade \u00a0 A EXIS GROUP, com sede na Rua 5 de Outubro, n.\u00ba 476 \u2013 4700-260 Braga, PORTUGAL, encontra-se empenhada em proteger a privacidade dos titulares dos dados, tendo para o efeito elaborado a presente Pol\u00edtica de Privacidade com o objetivo de dar a conhecer o seu compromisso [&hellip;]","og_url":"https:\/\/exisgroup.pt\/?page_id=617","og_site_name":"EXIS GROUP","article_modified_time":"2023-05-25T22:32:10+00:00","twitter_card":"summary_large_image","twitter_misc":{"Tempo estimado de leitura":"5 minutos"},"schema":{"@context":"https:\/\/schema.org","@graph":[{"@type":"WebPage","@id":"https:\/\/exisgroup.pt\/?page_id=617","url":"https:\/\/exisgroup.pt\/?page_id=617","name":"Politica de Privacidade - EXIS GROUP","isPartOf":{"@id":"https:\/\/exisgroup.pt\/#website"},"datePublished":"2023-05-25T22:22:00+00:00","dateModified":"2023-05-25T22:32:10+00:00","breadcrumb":{"@id":"https:\/\/exisgroup.pt\/?page_id=617#breadcrumb"},"inLanguage":"pt-PT","potentialAction":[{"@type":"ReadAction","target":["https:\/\/exisgroup.pt\/?page_id=617"]}]},{"@type":"BreadcrumbList","@id":"https:\/\/exisgroup.pt\/?page_id=617#breadcrumb","itemListElement":[{"@type":"ListItem","position":1,"name":"In\u00edcio","item":"https:\/\/exisgroup.pt\/"},{"@type":"ListItem","position":2,"name":"Politica de Privacidade"}]},{"@type":"WebSite","@id":"https:\/\/exisgroup.pt\/#website","url":"https:\/\/exisgroup.pt\/","name":"EXIS GROUP","description":"","publisher":{"@id":"https:\/\/exisgroup.pt\/#organization"},"potentialAction":[{"@type":"SearchAction","target":{"@type":"EntryPoint","urlTemplate":"https:\/\/exisgroup.pt\/?s={search_term_string}"},"query-input":{"@type":"PropertyValueSpecification","valueRequired":true,"valueName":"search_term_string"}}],"inLanguage":"pt-PT"},{"@type":"Organization","@id":"https:\/\/exisgroup.pt\/#organization","name":"EXIS GROUP","url":"https:\/\/exisgroup.pt\/","logo":{"@type":"ImageObject","inLanguage":"pt-PT","@id":"https:\/\/exisgroup.pt\/#\/schema\/logo\/image\/","url":"https:\/\/exisgroup.newtek.pt\/wp-content\/uploads\/2023\/05\/logo_slider_exisgroup.png","contentUrl":"https:\/\/exisgroup.newtek.pt\/wp-content\/uploads\/2023\/05\/logo_slider_exisgroup.png","width":500,"height":180,"caption":"EXIS GROUP"},"image":{"@id":"https:\/\/exisgroup.pt\/#\/schema\/logo\/image\/"}}]}},"_links":{"self":[{"href":"https:\/\/exisgroup.pt\/index.php?rest_route=\/wp\/v2\/pages\/617","targetHints":{"allow":["GET"]}}],"collection":[{"href":"https:\/\/exisgroup.pt\/index.php?rest_route=\/wp\/v2\/pages"}],"about":[{"href":"https:\/\/exisgroup.pt\/index.php?rest_route=\/wp\/v2\/types\/page"}],"author":[{"embeddable":true,"href":"https:\/\/exisgroup.pt\/index.php?rest_route=\/wp\/v2\/users\/1"}],"replies":[{"embeddable":true,"href":"https:\/\/exisgroup.pt\/index.php?rest_route=%2Fwp%2Fv2%2Fcomments&post=617"}],"version-history":[{"count":7,"href":"https:\/\/exisgroup.pt\/index.php?rest_route=\/wp\/v2\/pages\/617\/revisions"}],"predecessor-version":[{"id":634,"href":"https:\/\/exisgroup.pt\/index.php?rest_route=\/wp\/v2\/pages\/617\/revisions\/634"}],"wp:attachment":[{"href":"https:\/\/exisgroup.pt\/index.php?rest_route=%2Fwp%2Fv2%2Fmedia&parent=617"}],"curies":[{"name":"wp","href":"https:\/\/api.w.org\/{rel}","templated":true}]}}