{"id":611,"date":"2023-05-25T22:09:15","date_gmt":"2023-05-25T22:09:15","guid":{"rendered":"https:\/\/exisgroup.newtek.pt\/?page_id=611"},"modified":"2023-05-25T22:31:18","modified_gmt":"2023-05-25T22:31:18","slug":"litigios-de-consumo","status":"publish","type":"page","link":"https:\/\/exisgroup.pt\/?page_id=611","title":{"rendered":"Lit\u00edgios de Consumo"},"content":{"rendered":"\t\t<div data-elementor-type=\"wp-page\" data-elementor-id=\"611\" class=\"elementor elementor-611\">\n\t\t\t\t\t\t<section class=\"elementor-section elementor-top-section elementor-element elementor-element-0f79453 elementor-section-full_width elementor-section-stretched elementor-section-height-default elementor-section-height-default\" data-id=\"0f79453\" data-element_type=\"section\" data-settings=\"{&quot;stretch_section&quot;:&quot;section-stretched&quot;}\">\n\t\t\t\t\t\t<div class=\"elementor-container elementor-column-gap-default\">\n\t\t\t\t\t<div class=\"elementor-column elementor-col-100 elementor-top-column elementor-element elementor-element-32b7f34\" data-id=\"32b7f34\" data-element_type=\"column\">\n\t\t\t<div class=\"elementor-widget-wrap elementor-element-populated\">\n\t\t\t\t\t\t<div class=\"elementor-element elementor-element-6549595 elementor-widget elementor-widget-gva_post_breadcrumb\" data-id=\"6549595\" data-element_type=\"widget\" data-widget_type=\"gva_post_breadcrumb.default\">\n\t\t\t\t<div class=\"elementor-widget-container\">\n\t\t\t\t\t<div class=\"gva-element-gva_post_breadcrumb gva-element\">   \r\n<div class=\"post-breadcrumb\">\r\n   <div class=\"custom-breadcrumb \" >\r\n            <div class=\"breadcrumb-main\">\r\n        <div class=\"container\">\r\n          <div class=\"breadcrumb-container-inner align-center\">\r\n            <h2 class=\"heading-title\">Lit\u00edgios de Consumo<\/h2><ol class=\"breadcrumb\"><li><a href=\"https:\/\/exisgroup.pt\">Home<\/a> <\/li> <li class=\"active\">P\u00e1gina<\/li><\/ol>          <\/div>  \r\n        <\/div>   \r\n      <\/div>  \r\n   <\/div>\r\n<\/div>      \r\n\r\n<\/div>\t\t\t\t<\/div>\n\t\t\t\t<\/div>\n\t\t\t\t\t<\/div>\n\t\t<\/div>\n\t\t\t\t\t<\/div>\n\t\t<\/section>\n\t\t\t\t<section class=\"elementor-section elementor-top-section elementor-element elementor-element-ba00704 elementor-section-boxed elementor-section-height-default elementor-section-height-default\" data-id=\"ba00704\" data-element_type=\"section\">\n\t\t\t\t\t\t<div class=\"elementor-container elementor-column-gap-default\">\n\t\t\t\t\t<div class=\"elementor-column elementor-col-100 elementor-top-column elementor-element elementor-element-904d069\" data-id=\"904d069\" data-element_type=\"column\">\n\t\t\t<div class=\"elementor-widget-wrap elementor-element-populated\">\n\t\t\t\t\t\t<div class=\"elementor-element elementor-element-11c572a elementor-widget elementor-widget-text-editor\" data-id=\"11c572a\" data-element_type=\"widget\" data-widget_type=\"text-editor.default\">\n\t\t\t\t<div class=\"elementor-widget-container\">\n\t\t\t\t\t\t\t\t\t<div class=\"entry-content clear\"><div class=\"elementor elementor-3\" data-elementor-type=\"wp-page\" data-elementor-id=\"3\"><section class=\"elementor-section elementor-top-section elementor-element elementor-element-50bbc8de elementor-section-boxed elementor-section-height-default elementor-section-height-default\" data-id=\"50bbc8de\" data-element_type=\"section\"><div class=\"elementor-container elementor-column-gap-default\"><div class=\"elementor-column elementor-col-100 elementor-top-column elementor-element elementor-element-11d219aa\" data-id=\"11d219aa\" data-element_type=\"column\"><div class=\"elementor-widget-wrap elementor-element-populated\"><div class=\"elementor-element elementor-element-3e5a421f elementor-widget elementor-widget-text-editor\" data-id=\"3e5a421f\" data-element_type=\"widget\" data-widget_type=\"text-editor.default\"><div class=\"elementor-widget-container\"><h2 class=\"wp-block-heading\">Resolu\u00e7\u00e3o de Lit\u00edgios<\/h2><p>Em caso de lit\u00edgio o consumidor pode recorrer \u00e0 seguinte entidade de resolu\u00e7\u00e3o alternativa de lit\u00edgios de consumo:<\/p><p>CIAB-Centro de Informa\u00e7\u00e3o, Media\u00e7\u00e3o e Arbitragem de Consumo (Tribunal Arbitral de Consumo)<\/p><p>Rua D. Afonso Henriques, n\u00ba 1 (Edif\u00edcio da Junta de Freguesia da S\u00e9)<\/p><p>4700-030 Braga<\/p><p>Telef: 253 617 604 \/\/ Fax: 253 617 605 \/\/ e-mail:\u00a0<a href=\"mailto:geral@ciab.pt\">geral@ciab.pt<\/a>\u00a0\/\/ www.ciab.pt<\/p><p>Mais informa\u00e7\u00f5es em Portal do Consumidor, dispon\u00edvel em www.consumidor.pt<\/p><\/div><\/div><\/div><\/div><\/div><\/section><\/div><\/div>\t\t\t\t\t\t\t\t<\/div>\n\t\t\t\t<\/div>\n\t\t\t\t\t<\/div>\n\t\t<\/div>\n\t\t\t\t\t<\/div>\n\t\t<\/section>\n\t\t\t\t<\/div>\n\t\t","protected":false},"excerpt":{"rendered":"<p>Lit\u00edgios de Consumo Home P\u00e1gina Resolu\u00e7\u00e3o de Lit\u00edgios Em caso de lit\u00edgio o consumidor pode recorrer \u00e0 seguinte entidade de resolu\u00e7\u00e3o alternativa de lit\u00edgios de consumo: CIAB-Centro de Informa\u00e7\u00e3o, Media\u00e7\u00e3o e Arbitragem de Consumo (Tribunal Arbitral de Consumo) Rua D. Afonso Henriques, n\u00ba 1 (Edif\u00edcio da Junta de Freguesia da S\u00e9) 4700-030 Braga Telef: 253 [&hellip;]<\/p>\n","protected":false},"author":1,"featured_media":0,"parent":0,"menu_order":0,"comment_status":"closed","ping_status":"closed","template":"","meta":{"inline_featured_image":false,"footnotes":""},"class_list":["post-611","page","type-page","status-publish","hentry"],"yoast_head":"<!-- This site is optimized with the Yoast SEO plugin v25.0 - https:\/\/yoast.com\/wordpress\/plugins\/seo\/ -->\n<title>Lit\u00edgios de Consumo - EXIS GROUP<\/title>\n<meta name=\"robots\" content=\"index, follow, max-snippet:-1, max-image-preview:large, max-video-preview:-1\" \/>\n<link rel=\"canonical\" href=\"https:\/\/exisgroup.pt\/?page_id=611\" \/>\n<meta property=\"og:locale\" content=\"pt_PT\" \/>\n<meta property=\"og:type\" content=\"article\" \/>\n<meta property=\"og:title\" content=\"Lit\u00edgios de Consumo - EXIS GROUP\" \/>\n<meta property=\"og:description\" content=\"Lit\u00edgios de Consumo Home P\u00e1gina Resolu\u00e7\u00e3o de Lit\u00edgios Em caso de lit\u00edgio o consumidor pode recorrer \u00e0 seguinte entidade de resolu\u00e7\u00e3o alternativa de lit\u00edgios de consumo: CIAB-Centro de Informa\u00e7\u00e3o, Media\u00e7\u00e3o e Arbitragem de Consumo (Tribunal Arbitral de Consumo) Rua D. Afonso Henriques, n\u00ba 1 (Edif\u00edcio da Junta de Freguesia da S\u00e9) 4700-030 Braga Telef: 253 [&hellip;]\" \/>\n<meta property=\"og:url\" content=\"https:\/\/exisgroup.pt\/?page_id=611\" \/>\n<meta property=\"og:site_name\" content=\"EXIS GROUP\" \/>\n<meta property=\"article:modified_time\" content=\"2023-05-25T22:31:18+00:00\" \/>\n<meta name=\"twitter:card\" content=\"summary_large_image\" \/>\n<script type=\"application\/ld+json\" class=\"yoast-schema-graph\">{\"@context\":\"https:\/\/schema.org\",\"@graph\":[{\"@type\":\"WebPage\",\"@id\":\"https:\/\/exisgroup.pt\/?page_id=611\",\"url\":\"https:\/\/exisgroup.pt\/?page_id=611\",\"name\":\"Lit\u00edgios de Consumo - EXIS GROUP\",\"isPartOf\":{\"@id\":\"https:\/\/exisgroup.pt\/#website\"},\"datePublished\":\"2023-05-25T22:09:15+00:00\",\"dateModified\":\"2023-05-25T22:31:18+00:00\",\"breadcrumb\":{\"@id\":\"https:\/\/exisgroup.pt\/?page_id=611#breadcrumb\"},\"inLanguage\":\"pt-PT\",\"potentialAction\":[{\"@type\":\"ReadAction\",\"target\":[\"https:\/\/exisgroup.pt\/?page_id=611\"]}]},{\"@type\":\"BreadcrumbList\",\"@id\":\"https:\/\/exisgroup.pt\/?page_id=611#breadcrumb\",\"itemListElement\":[{\"@type\":\"ListItem\",\"position\":1,\"name\":\"In\u00edcio\",\"item\":\"https:\/\/exisgroup.pt\/\"},{\"@type\":\"ListItem\",\"position\":2,\"name\":\"Lit\u00edgios de Consumo\"}]},{\"@type\":\"WebSite\",\"@id\":\"https:\/\/exisgroup.pt\/#website\",\"url\":\"https:\/\/exisgroup.pt\/\",\"name\":\"EXIS GROUP\",\"description\":\"\",\"publisher\":{\"@id\":\"https:\/\/exisgroup.pt\/#organization\"},\"potentialAction\":[{\"@type\":\"SearchAction\",\"target\":{\"@type\":\"EntryPoint\",\"urlTemplate\":\"https:\/\/exisgroup.pt\/?s={search_term_string}\"},\"query-input\":{\"@type\":\"PropertyValueSpecification\",\"valueRequired\":true,\"valueName\":\"search_term_string\"}}],\"inLanguage\":\"pt-PT\"},{\"@type\":\"Organization\",\"@id\":\"https:\/\/exisgroup.pt\/#organization\",\"name\":\"EXIS GROUP\",\"url\":\"https:\/\/exisgroup.pt\/\",\"logo\":{\"@type\":\"ImageObject\",\"inLanguage\":\"pt-PT\",\"@id\":\"https:\/\/exisgroup.pt\/#\/schema\/logo\/image\/\",\"url\":\"https:\/\/exisgroup.newtek.pt\/wp-content\/uploads\/2023\/05\/logo_slider_exisgroup.png\",\"contentUrl\":\"https:\/\/exisgroup.newtek.pt\/wp-content\/uploads\/2023\/05\/logo_slider_exisgroup.png\",\"width\":500,\"height\":180,\"caption\":\"EXIS GROUP\"},\"image\":{\"@id\":\"https:\/\/exisgroup.pt\/#\/schema\/logo\/image\/\"}}]}<\/script>\n<!-- \/ Yoast SEO plugin. -->","yoast_head_json":{"title":"Lit\u00edgios de Consumo - EXIS GROUP","robots":{"index":"index","follow":"follow","max-snippet":"max-snippet:-1","max-image-preview":"max-image-preview:large","max-video-preview":"max-video-preview:-1"},"canonical":"https:\/\/exisgroup.pt\/?page_id=611","og_locale":"pt_PT","og_type":"article","og_title":"Lit\u00edgios de Consumo - EXIS GROUP","og_description":"Lit\u00edgios de Consumo Home P\u00e1gina Resolu\u00e7\u00e3o de Lit\u00edgios Em caso de lit\u00edgio o consumidor pode recorrer \u00e0 seguinte entidade de resolu\u00e7\u00e3o alternativa de lit\u00edgios de consumo: CIAB-Centro de Informa\u00e7\u00e3o, Media\u00e7\u00e3o e Arbitragem de Consumo (Tribunal Arbitral de Consumo) Rua D. Afonso Henriques, n\u00ba 1 (Edif\u00edcio da Junta de Freguesia da S\u00e9) 4700-030 Braga Telef: 253 [&hellip;]","og_url":"https:\/\/exisgroup.pt\/?page_id=611","og_site_name":"EXIS GROUP","article_modified_time":"2023-05-25T22:31:18+00:00","twitter_card":"summary_large_image","schema":{"@context":"https:\/\/schema.org","@graph":[{"@type":"WebPage","@id":"https:\/\/exisgroup.pt\/?page_id=611","url":"https:\/\/exisgroup.pt\/?page_id=611","name":"Lit\u00edgios de Consumo - EXIS GROUP","isPartOf":{"@id":"https:\/\/exisgroup.pt\/#website"},"datePublished":"2023-05-25T22:09:15+00:00","dateModified":"2023-05-25T22:31:18+00:00","breadcrumb":{"@id":"https:\/\/exisgroup.pt\/?page_id=611#breadcrumb"},"inLanguage":"pt-PT","potentialAction":[{"@type":"ReadAction","target":["https:\/\/exisgroup.pt\/?page_id=611"]}]},{"@type":"BreadcrumbList","@id":"https:\/\/exisgroup.pt\/?page_id=611#breadcrumb","itemListElement":[{"@type":"ListItem","position":1,"name":"In\u00edcio","item":"https:\/\/exisgroup.pt\/"},{"@type":"ListItem","position":2,"name":"Lit\u00edgios de Consumo"}]},{"@type":"WebSite","@id":"https:\/\/exisgroup.pt\/#website","url":"https:\/\/exisgroup.pt\/","name":"EXIS GROUP","description":"","publisher":{"@id":"https:\/\/exisgroup.pt\/#organization"},"potentialAction":[{"@type":"SearchAction","target":{"@type":"EntryPoint","urlTemplate":"https:\/\/exisgroup.pt\/?s={search_term_string}"},"query-input":{"@type":"PropertyValueSpecification","valueRequired":true,"valueName":"search_term_string"}}],"inLanguage":"pt-PT"},{"@type":"Organization","@id":"https:\/\/exisgroup.pt\/#organization","name":"EXIS GROUP","url":"https:\/\/exisgroup.pt\/","logo":{"@type":"ImageObject","inLanguage":"pt-PT","@id":"https:\/\/exisgroup.pt\/#\/schema\/logo\/image\/","url":"https:\/\/exisgroup.newtek.pt\/wp-content\/uploads\/2023\/05\/logo_slider_exisgroup.png","contentUrl":"https:\/\/exisgroup.newtek.pt\/wp-content\/uploads\/2023\/05\/logo_slider_exisgroup.png","width":500,"height":180,"caption":"EXIS GROUP"},"image":{"@id":"https:\/\/exisgroup.pt\/#\/schema\/logo\/image\/"}}]}},"_links":{"self":[{"href":"https:\/\/exisgroup.pt\/index.php?rest_route=\/wp\/v2\/pages\/611","targetHints":{"allow":["GET"]}}],"collection":[{"href":"https:\/\/exisgroup.pt\/index.php?rest_route=\/wp\/v2\/pages"}],"about":[{"href":"https:\/\/exisgroup.pt\/index.php?rest_route=\/wp\/v2\/types\/page"}],"author":[{"embeddable":true,"href":"https:\/\/exisgroup.pt\/index.php?rest_route=\/wp\/v2\/users\/1"}],"replies":[{"embeddable":true,"href":"https:\/\/exisgroup.pt\/index.php?rest_route=%2Fwp%2Fv2%2Fcomments&post=611"}],"version-history":[{"count":11,"href":"https:\/\/exisgroup.pt\/index.php?rest_route=\/wp\/v2\/pages\/611\/revisions"}],"predecessor-version":[{"id":631,"href":"https:\/\/exisgroup.pt\/index.php?rest_route=\/wp\/v2\/pages\/611\/revisions\/631"}],"wp:attachment":[{"href":"https:\/\/exisgroup.pt\/index.php?rest_route=%2Fwp%2Fv2%2Fmedia&parent=611"}],"curies":[{"name":"wp","href":"https:\/\/api.w.org\/{rel}","templated":true}]}}